{"id":326,"date":"2018-03-08T15:33:23","date_gmt":"2018-03-08T15:33:23","guid":{"rendered":"http:\/\/www.jjuncosa.com\/inici\/"},"modified":"2020-11-23T18:06:30","modified_gmt":"2020-11-23T17:06:30","slug":"inici","status":"publish","type":"page","link":"https:\/\/www.jjuncosa.com\/ca\/","title":{"rendered":"Inici"},"content":{"rendered":"<p>[et_pb_section fb_built=&#8221;1&#8243; fullwidth=&#8221;on&#8221; _builder_version=&#8221;4.7.3&#8243; hover_enabled=&#8221;0&#8243; border_width_bottom=&#8221;5px&#8221; border_color_bottom=&#8221;#433e3b&#8221; box_shadow_style=&#8221;preset3&#8243; box_shadow_vertical=&#8221;30px&#8221; disabled_on=&#8221;on|on|on&#8221; disabled=&#8221;on&#8221; sticky_enabled=&#8221;0&#8243;][et_pb_fullwidth_slider show_arrows=&#8221;off&#8221; admin_label=&#8221;SLIDE-INICIO&#8221; _builder_version=&#8221;3.16&#8243; header_text_align=&#8221;right&#8221; header_font_size=&#8221;40&#8243; body_text_align=&#8221;right&#8221; text_orientation=&#8221;right&#8221; auto=&#8221;on&#8221; auto_ignore_hover=&#8221;on&#8221; button_text_size__hover_enabled=&#8221;off&#8221; button_one_text_size__hover_enabled=&#8221;off&#8221; button_two_text_size__hover_enabled=&#8221;off&#8221; button_text_color__hover_enabled=&#8221;off&#8221; button_one_text_color__hover_enabled=&#8221;off&#8221; button_two_text_color__hover_enabled=&#8221;off&#8221; button_border_width__hover_enabled=&#8221;off&#8221; button_one_border_width__hover_enabled=&#8221;off&#8221; button_two_border_width__hover_enabled=&#8221;off&#8221; button_border_color__hover_enabled=&#8221;off&#8221; button_one_border_color__hover_enabled=&#8221;off&#8221; button_two_border_color__hover_enabled=&#8221;off&#8221; button_border_radius__hover_enabled=&#8221;off&#8221; button_one_border_radius__hover_enabled=&#8221;off&#8221; button_two_border_radius__hover_enabled=&#8221;off&#8221; button_letter_spacing__hover_enabled=&#8221;off&#8221; button_one_letter_spacing__hover_enabled=&#8221;off&#8221; button_two_letter_spacing__hover_enabled=&#8221;off&#8221; button_bg_color__hover_enabled=&#8221;off&#8221; button_one_bg_color__hover_enabled=&#8221;off&#8221; button_two_bg_color__hover_enabled=&#8221;off&#8221;][et_pb_slide heading=&#8221;Treballem en la venda i lloguer de vivendes i locals a Barcelona i rodalies&#8221; button_text=&#8221;J&#038;J&#8221; button_link=&#8221;https:\/\/www.jjuncosa.com\/ca&#8221; use_bg_overlay=&#8221;off&#8221; use_text_overlay=&#8221;on&#8221; text_overlay_color=&#8221;rgba(109,109,109,0.6)&#8221; admin_title=&#8221;SLIDE-1&#8243; text_border_radius=&#8221;10&#8243; _builder_version=&#8221;3.16&#8243; background_color=&#8221;#ffffff&#8221; background_image=&#8221;https:\/\/www.jjuncosa.com\/wp-content\/uploads\/2018\/02\/feature_01_img.jpg&#8221; parallax=&#8221;on&#8221; custom_button=&#8221;on&#8221; button_text_size=&#8221;40&#8243; button_text_color=&#8221;rgba(0,0,0,0)&#8221; button_bg_image=&#8221;https:\/\/www.jjuncosa.com\/wp-content\/uploads\/2018\/02\/cropped-JJlogo1.jpg&#8221; button_border_width=&#8221;0&#8243; button_border_color=&#8221;#433e3b&#8221; button_border_radius=&#8221;10&#8243; button_use_icon=&#8221;off&#8221; button_alignment=&#8221;center&#8221; button_text_size_tablet=&#8221;40&#8243; button_text_size_phone=&#8221;40&#8243; sticky_transition=&#8221;on&#8221; button_text_size__hover_enabled=&#8221;off&#8221; button_one_text_size__hover_enabled=&#8221;off&#8221; button_two_text_size__hover_enabled=&#8221;off&#8221; button_text_color__hover_enabled=&#8221;off&#8221; button_one_text_color__hover_enabled=&#8221;off&#8221; button_two_text_color__hover_enabled=&#8221;off&#8221; button_border_width__hover_enabled=&#8221;off&#8221; button_one_border_width__hover_enabled=&#8221;off&#8221; button_two_border_width__hover_enabled=&#8221;off&#8221; button_border_color__hover_enabled=&#8221;off&#8221; button_one_border_color__hover_enabled=&#8221;off&#8221; button_two_border_color__hover_enabled=&#8221;off&#8221; button_border_radius__hover_enabled=&#8221;off&#8221; button_one_border_radius__hover_enabled=&#8221;off&#8221; button_two_border_radius__hover_enabled=&#8221;off&#8221; button_letter_spacing__hover_enabled=&#8221;off&#8221; button_one_letter_spacing__hover_enabled=&#8221;off&#8221; button_two_letter_spacing__hover_enabled=&#8221;off&#8221; button_bg_color__hover_enabled=&#8221;off&#8221; button_one_bg_color__hover_enabled=&#8221;off&#8221; button_two_bg_color__hover_enabled=&#8221;off&#8221;][\/et_pb_slide][et_pb_slide heading=&#8221;Sin\u00f3 troba el que busca o t\u00e9 qualsevol dubte sobre les propietats, no dubti a contactar amb nosaltres&#8221; button_text=&#8221;J&#038;J&#8221; button_link=&#8221;https:\/\/www.jjuncosa.com\/ca&#8221; use_bg_overlay=&#8221;off&#8221; use_text_overlay=&#8221;on&#8221; text_overlay_color=&#8221;rgba(109,109,109,0.6)&#8221; admin_title=&#8221;SLIDE-2&#8243; text_border_radius=&#8221;10&#8243; _builder_version=&#8221;3.16&#8243; background_color=&#8221;#ffffff&#8221; background_image=&#8221;https:\/\/www.jjuncosa.com\/wp-content\/uploads\/2018\/02\/photo-marketplace-04.jpg&#8221; parallax=&#8221;on&#8221; custom_button=&#8221;on&#8221; button_text_size=&#8221;40&#8243; button_text_color=&#8221;rgba(0,0,0,0)&#8221; button_bg_image=&#8221;https:\/\/www.jjuncosa.com\/wp-content\/uploads\/2018\/02\/cropped-JJlogo1.jpg&#8221; button_border_width=&#8221;0&#8243; button_border_color=&#8221;#433e3b&#8221; button_border_radius=&#8221;10&#8243; button_use_icon=&#8221;off&#8221; button_alignment=&#8221;center&#8221; button_text_size_tablet=&#8221;40&#8243; button_text_size_phone=&#8221;40&#8243; sticky_transition=&#8221;on&#8221; button_text_size__hover_enabled=&#8221;off&#8221; button_one_text_size__hover_enabled=&#8221;off&#8221; button_two_text_size__hover_enabled=&#8221;off&#8221; button_text_color__hover_enabled=&#8221;off&#8221; button_one_text_color__hover_enabled=&#8221;off&#8221; button_two_text_color__hover_enabled=&#8221;off&#8221; button_border_width__hover_enabled=&#8221;off&#8221; button_one_border_width__hover_enabled=&#8221;off&#8221; button_two_border_width__hover_enabled=&#8221;off&#8221; button_border_color__hover_enabled=&#8221;off&#8221; button_one_border_color__hover_enabled=&#8221;off&#8221; button_two_border_color__hover_enabled=&#8221;off&#8221; button_border_radius__hover_enabled=&#8221;off&#8221; button_one_border_radius__hover_enabled=&#8221;off&#8221; button_two_border_radius__hover_enabled=&#8221;off&#8221; button_letter_spacing__hover_enabled=&#8221;off&#8221; button_one_letter_spacing__hover_enabled=&#8221;off&#8221; button_two_letter_spacing__hover_enabled=&#8221;off&#8221; button_bg_color__hover_enabled=&#8221;off&#8221; button_one_bg_color__hover_enabled=&#8221;off&#8221; button_two_bg_color__hover_enabled=&#8221;off&#8221;][\/et_pb_slide][et_pb_slide heading=&#8221;Som experts en acompanyar-lo durant tot el proc\u00e9s de compra o lloguer&#8221; button_text=&#8221;J&#038;J&#8221; button_link=&#8221;https:\/\/www.jjuncosa.com\/ca&#8221; use_bg_overlay=&#8221;off&#8221; use_text_overlay=&#8221;on&#8221; text_overlay_color=&#8221;rgba(109,109,109,0.6)&#8221; admin_title=&#8221;SLIDE-3&#8243; text_border_radius=&#8221;10&#8243; _builder_version=&#8221;3.16&#8243; background_color=&#8221;#ffffff&#8221; background_image=&#8221;https:\/\/www.jjuncosa.com\/wp-content\/uploads\/2018\/02\/business-01.jpg&#8221; parallax=&#8221;on&#8221; custom_button=&#8221;on&#8221; button_text_size=&#8221;40&#8243; button_text_color=&#8221;rgba(0,0,0,0)&#8221; button_bg_image=&#8221;https:\/\/www.jjuncosa.com\/wp-content\/uploads\/2018\/02\/cropped-JJlogo1.jpg&#8221; button_border_width=&#8221;0&#8243; button_border_color=&#8221;#433e3b&#8221; button_border_radius=&#8221;10&#8243; button_use_icon=&#8221;off&#8221; button_alignment=&#8221;center&#8221; button_text_size_tablet=&#8221;40&#8243; button_text_size_phone=&#8221;40&#8243; sticky_transition=&#8221;on&#8221; button_text_size__hover_enabled=&#8221;off&#8221; button_one_text_size__hover_enabled=&#8221;off&#8221; button_two_text_size__hover_enabled=&#8221;off&#8221; button_text_color__hover_enabled=&#8221;off&#8221; button_one_text_color__hover_enabled=&#8221;off&#8221; button_two_text_color__hover_enabled=&#8221;off&#8221; button_border_width__hover_enabled=&#8221;off&#8221; button_one_border_width__hover_enabled=&#8221;off&#8221; button_two_border_width__hover_enabled=&#8221;off&#8221; button_border_color__hover_enabled=&#8221;off&#8221; button_one_border_color__hover_enabled=&#8221;off&#8221; button_two_border_color__hover_enabled=&#8221;off&#8221; button_border_radius__hover_enabled=&#8221;off&#8221; button_one_border_radius__hover_enabled=&#8221;off&#8221; button_two_border_radius__hover_enabled=&#8221;off&#8221; button_letter_spacing__hover_enabled=&#8221;off&#8221; button_one_letter_spacing__hover_enabled=&#8221;off&#8221; button_two_letter_spacing__hover_enabled=&#8221;off&#8221; button_bg_color__hover_enabled=&#8221;off&#8221; button_one_bg_color__hover_enabled=&#8221;off&#8221; button_two_bg_color__hover_enabled=&#8221;off&#8221;][\/et_pb_slide][et_pb_slide heading=&#8221;Gestionem el seu patrimoni immobiliari&#8221; button_text=&#8221;J&#038;J&#8221; button_link=&#8221;https:\/\/www.jjuncosa.com\/ca&#8221; use_bg_overlay=&#8221;off&#8221; use_text_overlay=&#8221;on&#8221; text_overlay_color=&#8221;rgba(109,109,109,0.6)&#8221; admin_title=&#8221;SLIDE-4&#8243; text_border_radius=&#8221;10&#8243; _builder_version=&#8221;3.16&#8243; background_color=&#8221;#ffffff&#8221; background_image=&#8221;https:\/\/www.jjuncosa.com\/wp-content\/uploads\/2018\/02\/business-01.jpg&#8221; parallax=&#8221;on&#8221; custom_button=&#8221;on&#8221; button_text_size=&#8221;40&#8243; button_text_color=&#8221;rgba(0,0,0,0)&#8221; button_bg_image=&#8221;https:\/\/www.jjuncosa.com\/wp-content\/uploads\/2018\/02\/cropped-JJlogo1.jpg&#8221; button_border_width=&#8221;0&#8243; button_border_color=&#8221;#433e3b&#8221; button_border_radius=&#8221;10&#8243; button_use_icon=&#8221;off&#8221; button_alignment=&#8221;center&#8221; button_text_size_tablet=&#8221;40&#8243; button_text_size_phone=&#8221;40&#8243; sticky_transition=&#8221;on&#8221; button_text_size__hover_enabled=&#8221;off&#8221; button_one_text_size__hover_enabled=&#8221;off&#8221; button_two_text_size__hover_enabled=&#8221;off&#8221; button_text_color__hover_enabled=&#8221;off&#8221; button_one_text_color__hover_enabled=&#8221;off&#8221; button_two_text_color__hover_enabled=&#8221;off&#8221; button_border_width__hover_enabled=&#8221;off&#8221; button_one_border_width__hover_enabled=&#8221;off&#8221; button_two_border_width__hover_enabled=&#8221;off&#8221; button_border_color__hover_enabled=&#8221;off&#8221; button_one_border_color__hover_enabled=&#8221;off&#8221; button_two_border_color__hover_enabled=&#8221;off&#8221; button_border_radius__hover_enabled=&#8221;off&#8221; button_one_border_radius__hover_enabled=&#8221;off&#8221; button_two_border_radius__hover_enabled=&#8221;off&#8221; button_letter_spacing__hover_enabled=&#8221;off&#8221; button_one_letter_spacing__hover_enabled=&#8221;off&#8221; button_two_letter_spacing__hover_enabled=&#8221;off&#8221; button_bg_color__hover_enabled=&#8221;off&#8221; button_one_bg_color__hover_enabled=&#8221;off&#8221; button_two_bg_color__hover_enabled=&#8221;off&#8221;][\/et_pb_slide][et_pb_slide heading=&#8221;La nostra experi\u00e8ncia li generar\u00e0 confian\u00e7a&#8221; button_text=&#8221;J&#038;J&#8221; button_link=&#8221;https:\/\/www.jjuncosa.com\/ca&#8221; use_bg_overlay=&#8221;off&#8221; use_text_overlay=&#8221;on&#8221; text_overlay_color=&#8221;rgba(109,109,109,0.6)&#8221; admin_title=&#8221;SLIDE-5&#8243; text_border_radius=&#8221;10&#8243; _builder_version=&#8221;3.16&#8243; background_color=&#8221;#ffffff&#8221; background_image=&#8221;https:\/\/www.jjuncosa.com\/wp-content\/uploads\/2018\/02\/business-14.jpg&#8221; parallax=&#8221;on&#8221; custom_button=&#8221;on&#8221; button_text_size=&#8221;40&#8243; button_text_color=&#8221;rgba(0,0,0,0)&#8221; button_bg_image=&#8221;https:\/\/www.jjuncosa.com\/wp-content\/uploads\/2018\/02\/cropped-JJlogo1.jpg&#8221; button_border_width=&#8221;0&#8243; button_border_color=&#8221;#433e3b&#8221; button_border_radius=&#8221;10&#8243; button_use_icon=&#8221;off&#8221; button_alignment=&#8221;center&#8221; button_text_size_tablet=&#8221;40&#8243; button_text_size_phone=&#8221;40&#8243; sticky_transition=&#8221;on&#8221; button_text_size__hover_enabled=&#8221;off&#8221; button_one_text_size__hover_enabled=&#8221;off&#8221; button_two_text_size__hover_enabled=&#8221;off&#8221; button_text_color__hover_enabled=&#8221;off&#8221; button_one_text_color__hover_enabled=&#8221;off&#8221; button_two_text_color__hover_enabled=&#8221;off&#8221; button_border_width__hover_enabled=&#8221;off&#8221; button_one_border_width__hover_enabled=&#8221;off&#8221; button_two_border_width__hover_enabled=&#8221;off&#8221; button_border_color__hover_enabled=&#8221;off&#8221; button_one_border_color__hover_enabled=&#8221;off&#8221; button_two_border_color__hover_enabled=&#8221;off&#8221; button_border_radius__hover_enabled=&#8221;off&#8221; button_one_border_radius__hover_enabled=&#8221;off&#8221; button_two_border_radius__hover_enabled=&#8221;off&#8221; button_letter_spacing__hover_enabled=&#8221;off&#8221; button_one_letter_spacing__hover_enabled=&#8221;off&#8221; button_two_letter_spacing__hover_enabled=&#8221;off&#8221; button_bg_color__hover_enabled=&#8221;off&#8221; button_one_bg_color__hover_enabled=&#8221;off&#8221; button_two_bg_color__hover_enabled=&#8221;off&#8221;][\/et_pb_slide][\/et_pb_fullwidth_slider][\/et_pb_section][et_pb_section fb_built=&#8221;1&#8243; _builder_version=&#8221;3.22&#8243; custom_padding=&#8221;30px|0px|0px|0px&#8221;][et_pb_row _builder_version=&#8221;3.25&#8243; background_size=&#8221;initial&#8221; background_position=&#8221;top_left&#8221; background_repeat=&#8221;repeat&#8221;][et_pb_column type=&#8221;4_4&#8243; _builder_version=&#8221;3.25&#8243; custom_padding=&#8221;|||&#8221; custom_padding__hover=&#8221;|||&#8221;][et_pb_text _builder_version=&#8221;3.27.4&#8243;]<\/p>\n<h3 style=\"text-align: center;\">CARTERA D&#8217;IMMOBLES<\/h3>\n<h5 style=\"text-align: center;\">Seleccioni un dels immobles destacats o utilitzi el nostre cercador per trobar el seu pis ideal<\/h5>\n<p>[\/et_pb_text][\/et_pb_column][\/et_pb_row][\/et_pb_section][et_pb_section fb_built=&#8221;1&#8243; _builder_version=&#8221;3.22&#8243; custom_padding=&#8221;0px|0px|54px|0px&#8221;][et_pb_row _builder_version=&#8221;3.25&#8243; module_alignment=&#8221;center&#8221; border_radii=&#8221;on|10px|10px|10px|10px&#8221; border_width_all=&#8221;2px&#8221; box_shadow_style=&#8221;preset1&#8243;][et_pb_column type=&#8221;4_4&#8243; _builder_version=&#8221;3.25&#8243; custom_padding=&#8221;|||&#8221; custom_padding__hover=&#8221;|||&#8221;][et_pb_code admin_label=&#8221;PASARELA_PISOS&#8221;]<script language=\"javascript\" type=\"text\/javascript\"><!-- [et_pb_line_break_holder] --> parametros.componente = \"Destacados\";<!-- [et_pb_line_break_holder] --> parametros.idpublicacion = \"13229\";<!-- [et_pb_line_break_holder] --> parametros.mostrarsoloadjudicados = \"0\";<!-- [et_pb_line_break_holder] -->parametros.mostrardestacados=\"1\";<!-- [et_pb_line_break_holder] --> parametros.mostrargrid = \"0\";<!-- [et_pb_line_break_holder] --> new Ib2c(parametros);<!-- [et_pb_line_break_holder] --><\/script>[\/et_pb_code][et_pb_code admin_label=&#8221;PASARELA_PISOS&#8221;]<script language=\"javascript\" type=\"text\/javascript\"><!-- [et_pb_line_break_holder] --> parametros.componente = \"Buscador\";<!-- [et_pb_line_break_holder] --> parametros.idpublicacion = \"13229\";<!-- [et_pb_line_break_holder] --> parametros.mostrarsoloadjudicados = \"0\";<!-- [et_pb_line_break_holder] -->parametros.mostrardestacados=\"0\";<!-- [et_pb_line_break_holder] --> parametros.mostrargrid = \"1\";<!-- [et_pb_line_break_holder] --> new Ib2c(parametros);<!-- [et_pb_line_break_holder] --><\/script>[\/et_pb_code][\/et_pb_column][\/et_pb_row][\/et_pb_section]<\/p>\n","protected":false},"excerpt":{"rendered":"<p>CARTERA D&#8217;IMMOBLES Seleccioni un dels immobles destacats o utilitzi el nostre cercador per trobar el seu pis ideal<\/p>\n","protected":false},"author":1,"featured_media":0,"parent":0,"menu_order":1,"comment_status":"closed","ping_status":"closed","template":"","meta":{"_et_pb_use_builder":"on","_et_pb_old_content":"","_et_gb_content_width":"","footnotes":""},"class_list":["post-326","page","type-page","status-publish","hentry"],"_links":{"self":[{"href":"https:\/\/www.jjuncosa.com\/ca\/wp-json\/wp\/v2\/pages\/326","targetHints":{"allow":["GET"]}}],"collection":[{"href":"https:\/\/www.jjuncosa.com\/ca\/wp-json\/wp\/v2\/pages"}],"about":[{"href":"https:\/\/www.jjuncosa.com\/ca\/wp-json\/wp\/v2\/types\/page"}],"author":[{"embeddable":true,"href":"https:\/\/www.jjuncosa.com\/ca\/wp-json\/wp\/v2\/users\/1"}],"replies":[{"embeddable":true,"href":"https:\/\/www.jjuncosa.com\/ca\/wp-json\/wp\/v2\/comments?post=326"}],"version-history":[{"count":21,"href":"https:\/\/www.jjuncosa.com\/ca\/wp-json\/wp\/v2\/pages\/326\/revisions"}],"predecessor-version":[{"id":704,"href":"https:\/\/www.jjuncosa.com\/ca\/wp-json\/wp\/v2\/pages\/326\/revisions\/704"}],"wp:attachment":[{"href":"https:\/\/www.jjuncosa.com\/ca\/wp-json\/wp\/v2\/media?parent=326"}],"curies":[{"name":"wp","href":"https:\/\/api.w.org\/{rel}","templated":true}]}}