{"id":408,"date":"2018-03-09T12:15:55","date_gmt":"2018-03-09T12:15:55","guid":{"rendered":"http:\/\/www.jjuncosa.com\/objectiu\/"},"modified":"2018-03-09T12:16:09","modified_gmt":"2018-03-09T12:16:09","slug":"objectiu","status":"publish","type":"page","link":"https:\/\/www.jjuncosa.com\/ca\/objectiu\/","title":{"rendered":"Objectiu"},"content":{"rendered":"<p>[et_pb_section bb_built=&#8221;1&#8243; admin_label=&#8221;Page Header&#8221; fullwidth=&#8221;on&#8221; _builder_version=&#8221;3.0.105&#8243; background_image=&#8221;https:\/\/www.jjuncosa.com\/wp-content\/uploads\/2018\/03\/fa\u00e7ana-anterior.jpg&#8221; parallax=&#8221;on&#8221; next_background_color=&#8221;#000000&#8243;][et_pb_fullwidth_header admin_label=&#8221;Hero Section&#8221; title=&#8221;EL NOSTRE COMPROMIS&#8221; subhead=&#8221;Facilitadors de serveis immobiliaris&#8221; text_orientation=&#8221;center&#8221; header_scroll_down=&#8221;on&#8221; scroll_down_icon_color=&#8221;#000000&#8243; scroll_down_icon_size=&#8221;30px&#8221; _builder_version=&#8221;3.0.105&#8243; title_font_size=&#8221;60px&#8221; title_line_height=&#8221;1.4em&#8221; content_font_size=&#8221;22px&#8221; content_line_height=&#8221;1.8em&#8221; subhead_font=&#8221;||||&#8221; subhead_text_color=&#8221;#000000&#8243; use_background_color_gradient=&#8221;on&#8221; background_color_gradient_start=&#8221;rgba(255,255,255,0.93)&#8221; background_color_gradient_end=&#8221;rgba(255,255,255,0.5)&#8221; module_alignment=&#8221;left&#8221; custom_margin=&#8221;|||&#8221; custom_padding=&#8221;120px||120px|&#8221; animation_style=&#8221;fade&#8221;]<\/p>\n<p><span style=\"color: #000000;\">Oferir un servei integral en assessoria immobili\u00e0ria. Totalment personalitzada i orientada a cuidar el patrimoni dels nostres clients.<\/span><\/p>\n<p>[\/et_pb_fullwidth_header][\/et_pb_section][et_pb_section bb_built=&#8221;1&#8243; admin_label=&#8221;Services&#8221; _builder_version=&#8221;3.0.79&#8243; custom_padding=&#8221;25px|0px|35px|0px&#8221; prev_background_color=&#8221;#000000&#8243;][et_pb_row custom_padding=&#8221;|||&#8221; background_position_1=&#8221;top_left&#8221; background_position_2=&#8221;top_left&#8221; background_position_3=&#8221;top_left&#8221; background_repeat_1=&#8221;no-repeat&#8221; background_repeat_2=&#8221;no-repeat&#8221; background_repeat_3=&#8221;no-repeat&#8221; _builder_version=&#8221;3.0.79&#8243; background_size=&#8221;initial&#8221; background_position=&#8221;top_left&#8221; background_repeat=&#8221;repeat&#8221;][et_pb_column type=&#8221;1_2&#8243;][et_pb_blurb admin_label=&#8221;Mision&#8221; title=&#8221;Missi\u00f3&#8221; url=&#8221;#&#8221; use_icon=&#8221;on&#8221; font_icon=&#8221;%%111%%&#8221; icon_color=&#8221;#433e3b&#8221; use_icon_font_size=&#8221;on&#8221; icon_font_size=&#8221;60px&#8221; _builder_version=&#8221;3.0.105&#8243; header_font_size=&#8221;22px&#8221; header_text_color=&#8221;#000000&#8243; header_line_height=&#8221;1.8em&#8221; body_text_align=&#8221;justify&#8221; body_font_size=&#8221;16px&#8221; body_line_height=&#8221;1.9em&#8221; background_size=&#8221;initial&#8221; background_position=&#8221;top_left&#8221; background_repeat=&#8221;repeat&#8221; text_orientation=&#8221;center&#8221; animation_style=&#8221;fold&#8221; animation_direction=&#8221;bottom&#8221; animation_intensity_fold=&#8221;30%&#8221; url_new_window=&#8221;off&#8221; use_circle=&#8221;off&#8221; use_circle_border=&#8221;off&#8221; icon_placement=&#8221;top&#8221; background_layout=&#8221;light&#8221;]<\/p>\n<p>Donem solucions amb un servei honest, \u00e8tic i professional.<br \/>\nBusquem i oferim el millor servei possible als nostres clients a trav\u00e9s d&#8217;un equip expert, comprom\u00e8s i efica\u00e7.<\/p>\n<p>[\/et_pb_blurb][\/et_pb_column][et_pb_column type=&#8221;1_2&#8243;][et_pb_blurb admin_label=&#8221;Vision&#8221; title=&#8221;Visi\u00f3&#8221; url=&#8221;#&#8221; use_icon=&#8221;on&#8221; font_icon=&#8221;%%166%%&#8221; icon_color=&#8221;#433e3b&#8221; use_icon_font_size=&#8221;on&#8221; icon_font_size=&#8221;60px&#8221; _builder_version=&#8221;3.0.105&#8243; header_font_size=&#8221;22px&#8221; header_text_color=&#8221;#000000&#8243; header_line_height=&#8221;1.8em&#8221; body_text_align=&#8221;justify&#8221; body_font_size=&#8221;16px&#8221; body_line_height=&#8221;1.9em&#8221; background_size=&#8221;initial&#8221; background_position=&#8221;top_left&#8221; background_repeat=&#8221;repeat&#8221; text_orientation=&#8221;center&#8221; animation_style=&#8221;fold&#8221; animation_direction=&#8221;bottom&#8221; animation_intensity_fold=&#8221;30%&#8221;]<\/p>\n<p>Volem ser la millor alternativa per qui vulgui l&#8217;ajuda d&#8217;un professional immobiliari, des d&#8217;una relaci\u00f3 propera i resolutiva, oferint les propostes que s&#8217;adaptin millor als nostres clients.<\/p>\n<p>[\/et_pb_blurb][\/et_pb_column][\/et_pb_row][et_pb_row _builder_version=&#8221;3.0.47&#8243; background_size=&#8221;initial&#8221; background_position=&#8221;top_left&#8221; background_repeat=&#8221;repeat&#8221;][et_pb_column type=&#8221;4_4&#8243;][et_pb_blurb admin_label=&#8221;Valors&#8221; title=&#8221;Valors&#8221; url=&#8221;#&#8221; use_icon=&#8221;on&#8221; font_icon=&#8221;%%95%%&#8221; icon_color=&#8221;#433e3b&#8221; use_icon_font_size=&#8221;on&#8221; icon_font_size=&#8221;60px&#8221; _builder_version=&#8221;3.0.105&#8243; header_font_size=&#8221;22px&#8221; header_text_color=&#8221;#000000&#8243; header_line_height=&#8221;1.8em&#8221; body_text_align=&#8221;justify&#8221; body_font_size=&#8221;16px&#8221; body_line_height=&#8221;1.9em&#8221; background_size=&#8221;initial&#8221; background_position=&#8221;top_left&#8221; background_repeat=&#8221;repeat&#8221; text_orientation=&#8221;center&#8221; animation_style=&#8221;fold&#8221; animation_direction=&#8221;bottom&#8221; animation_intensity_fold=&#8221;30%&#8221;]<\/p>\n<p>Fomentem la participaci\u00f3 de tots per aconseguir un objectiu com\u00fa, compartint informaci\u00f3 i coneixements.<\/p>\n<p>[\/et_pb_blurb][\/et_pb_column][\/et_pb_row][et_pb_row][et_pb_column type=&#8221;1_4&#8243;][et_pb_blurb admin_label=&#8221;Orientaci\u00f3n-al-cliente&#8221; title=&#8221;Orientaci\u00f3 al client&#8221; url=&#8221;#&#8221; icon_color=&#8221;#433e3b&#8221; icon_font_size=&#8221;60px&#8221; _builder_version=&#8221;3.0.105&#8243; header_font_size=&#8221;22px&#8221; header_text_color=&#8221;#000000&#8243; header_line_height=&#8221;1.8em&#8221; body_text_align=&#8221;justify&#8221; body_font_size=&#8221;16px&#8221; body_line_height=&#8221;1.9em&#8221; background_size=&#8221;initial&#8221; background_position=&#8221;top_left&#8221; background_repeat=&#8221;repeat&#8221; text_orientation=&#8221;center&#8221; animation_style=&#8221;fold&#8221; animation_direction=&#8221;bottom&#8221; animation_intensity_fold=&#8221;30%&#8221; use_icon=&#8221;off&#8221; url_new_window=&#8221;off&#8221; use_circle=&#8221;off&#8221; use_circle_border=&#8221;off&#8221; icon_placement=&#8221;top&#8221; use_icon_font_size=&#8221;off&#8221; background_layout=&#8221;light&#8221;]<\/p>\n<p>Centrem el nostre esfor\u00e7 en la satisfacci\u00f3 del client, aportant solucions competitives i de qualitat.<\/p>\n<p>[\/et_pb_blurb][\/et_pb_column][et_pb_column type=&#8221;1_4&#8243;][et_pb_blurb admin_label=&#8221;Conducta-etica&#8221; title=&#8221;Conducta \u00e8tica&#8221; url=&#8221;#&#8221; icon_color=&#8221;#433e3b&#8221; icon_font_size=&#8221;60px&#8221; _builder_version=&#8221;3.0.105&#8243; header_font_size=&#8221;22px&#8221; header_text_color=&#8221;#000000&#8243; header_line_height=&#8221;1.8em&#8221; body_text_align=&#8221;justify&#8221; body_font_size=&#8221;16px&#8221; body_line_height=&#8221;1.9em&#8221; background_size=&#8221;initial&#8221; background_position=&#8221;top_left&#8221; background_repeat=&#8221;repeat&#8221; text_orientation=&#8221;center&#8221; animation_style=&#8221;fold&#8221; animation_direction=&#8221;bottom&#8221; animation_intensity_fold=&#8221;30%&#8221;]<\/p>\n<p>Actuem amb professionalitat, integritat, lleialtat i respecte per les persones.<\/p>\n<p>[\/et_pb_blurb][\/et_pb_column][et_pb_column type=&#8221;1_4&#8243;][et_pb_blurb admin_label=&#8221;Innovacion&#8221; title=&#8221;Innovaci\u00f3&#8221; url=&#8221;#&#8221; icon_color=&#8221;#433e3b&#8221; icon_font_size=&#8221;60px&#8221; _builder_version=&#8221;3.0.105&#8243; header_font_size=&#8221;22px&#8221; header_text_color=&#8221;#000000&#8243; header_line_height=&#8221;1.8em&#8221; body_text_align=&#8221;justify&#8221; body_font_size=&#8221;16px&#8221; body_line_height=&#8221;1.9em&#8221; background_size=&#8221;initial&#8221; background_position=&#8221;top_left&#8221; background_repeat=&#8221;repeat&#8221; text_orientation=&#8221;center&#8221; animation_style=&#8221;fold&#8221; animation_direction=&#8221;bottom&#8221; animation_intensity_fold=&#8221;30%&#8221; use_icon=&#8221;off&#8221; url_new_window=&#8221;off&#8221; use_circle=&#8221;off&#8221; use_circle_border=&#8221;off&#8221; icon_placement=&#8221;top&#8221; use_icon_font_size=&#8221;off&#8221; background_layout=&#8221;light&#8221;]<\/p>\n<p>Promovem millores cont\u00ednues i innovaci\u00f3 per arribar a la m\u00e0xima qualitat, basant-nos en un criteri rendible i econ\u00f2mic.<\/p>\n<p>[\/et_pb_blurb][\/et_pb_column][et_pb_column type=&#8221;1_4&#8243;][et_pb_blurb admin_label=&#8221;Transpar\u00e8ncia&#8221; title=&#8221;Transpar\u00e8ncia&#8221; url=&#8221;#&#8221; icon_color=&#8221;#433e3b&#8221; icon_font_size=&#8221;60px&#8221; _builder_version=&#8221;3.0.105&#8243; header_font_size=&#8221;22px&#8221; header_text_color=&#8221;#000000&#8243; header_line_height=&#8221;1.8em&#8221; body_text_align=&#8221;justify&#8221; body_font_size=&#8221;16px&#8221; body_line_height=&#8221;1.9em&#8221; background_size=&#8221;initial&#8221; background_position=&#8221;top_left&#8221; background_repeat=&#8221;repeat&#8221; text_orientation=&#8221;center&#8221; animation_style=&#8221;fold&#8221; animation_direction=&#8221;bottom&#8221; animation_intensity_fold=&#8221;30%&#8221;]<\/p>\n<p>Actuant coherentment amb informaci\u00f3 oberta i oportuna.<\/p>\n<p>[\/et_pb_blurb][\/et_pb_column][\/et_pb_row][\/et_pb_section]<\/p>\n","protected":false},"excerpt":{"rendered":"<p>Oferir un servei integral en assessoria immobili\u00e0ria. Totalment personalitzada i orientada a cuidar el patrimoni dels nostres clients. Donem solucions amb un servei honest, \u00e8tic i professional. Busquem i oferim el millor servei possible als nostres clients a trav\u00e9s d&#8217;un equip expert, comprom\u00e8s i efica\u00e7. Volem ser la millor alternativa per qui vulgui l&#8217;ajuda d&#8217;un [&hellip;]<\/p>\n","protected":false},"author":1,"featured_media":0,"parent":0,"menu_order":2,"comment_status":"closed","ping_status":"closed","template":"","meta":{"_et_pb_use_builder":"on","_et_pb_old_content":"","_et_gb_content_width":"","footnotes":""},"class_list":["post-408","page","type-page","status-publish","hentry"],"_links":{"self":[{"href":"https:\/\/www.jjuncosa.com\/ca\/wp-json\/wp\/v2\/pages\/408","targetHints":{"allow":["GET"]}}],"collection":[{"href":"https:\/\/www.jjuncosa.com\/ca\/wp-json\/wp\/v2\/pages"}],"about":[{"href":"https:\/\/www.jjuncosa.com\/ca\/wp-json\/wp\/v2\/types\/page"}],"author":[{"embeddable":true,"href":"https:\/\/www.jjuncosa.com\/ca\/wp-json\/wp\/v2\/users\/1"}],"replies":[{"embeddable":true,"href":"https:\/\/www.jjuncosa.com\/ca\/wp-json\/wp\/v2\/comments?post=408"}],"version-history":[{"count":17,"href":"https:\/\/www.jjuncosa.com\/ca\/wp-json\/wp\/v2\/pages\/408\/revisions"}],"predecessor-version":[{"id":425,"href":"https:\/\/www.jjuncosa.com\/ca\/wp-json\/wp\/v2\/pages\/408\/revisions\/425"}],"wp:attachment":[{"href":"https:\/\/www.jjuncosa.com\/ca\/wp-json\/wp\/v2\/media?parent=408"}],"curies":[{"name":"wp","href":"https:\/\/api.w.org\/{rel}","templated":true}]}}