{"id":455,"date":"2018-03-09T15:56:48","date_gmt":"2018-03-09T15:56:48","guid":{"rendered":"http:\/\/www.jjuncosa.com\/qui-som\/"},"modified":"2018-03-19T13:46:27","modified_gmt":"2018-03-19T12:46:27","slug":"qui-som","status":"publish","type":"page","link":"https:\/\/www.jjuncosa.com\/ca\/qui-som\/","title":{"rendered":"Qui som"},"content":{"rendered":"<p>[et_pb_section bb_built=&#8221;1&#8243; admin_label=&#8221;HEADER&#8221; fullwidth=&#8221;on&#8221; module_id=&#8221;HEADER&#8221; _builder_version=&#8221;3.0.105&#8243; parallax=&#8221;on&#8221; custom_padding=&#8221;0px|0px|0px|0px&#8221; bottom_divider_style=&#8221;curve2&#8243; bottom_divider_color=&#8221;rgba(67,62,59,0.4)&#8221; next_background_color=&#8221;#000000&#8243; box_shadow_style=&#8221;preset3&#8243;][et_pb_fullwidth_header admin_label=&#8221;HEADER&#8221; title=&#8221;J&amp;J immobles&#8221; header_fullscreen=&#8221;on&#8221; button_one_text=&#8221;CONEIX-NOS&#8221; button_one_url=&#8221;#seccion01&#8243; background_overlay_color=&#8221;rgba(255,255,255,0.75)&#8221; content_max_width=&#8221;700px&#8221; _builder_version=&#8221;3.0.105&#8243; title_font_size=&#8221;69px&#8221; title_line_height=&#8221;1.3em&#8221; content_font_size=&#8221;20px&#8221; content_line_height=&#8221;1.7em&#8221; background_image=&#8221;https:\/\/www.jjuncosa.com\/wp-content\/uploads\/2018\/03\/sostre.jpg&#8221; parallax=&#8221;on&#8221; parallax_method=&#8221;on&#8221; custom_button_one=&#8221;on&#8221; button_one_text_color=&#8221;#000000&#8243; button_one_border_radius=&#8221;0px&#8221; button_one_letter_spacing=&#8221;4px&#8221; button_one_icon=&#8221;%%1%%&#8221; button_one_icon_color=&#8221;#ffffff&#8221; button_one_text_color_hover=&#8221;#ffffff&#8221; button_one_bg_color_hover=&#8221;rgba(0,0,0,0)&#8221; button_one_border_color_hover=&#8221;#ffffff&#8221; button_one_border_radius_hover=&#8221;0px&#8221; button_one_letter_spacing_hover=&#8221;4px&#8221; animation_style=&#8221;zoom&#8221; animation_direction=&#8221;bottom&#8221; animation_intensity_zoom=&#8221;4%&#8221; header_scroll_down=&#8221;off&#8221; image_orientation=&#8221;center&#8221; background_layout=&#8221;light&#8221; content_orientation=&#8221;center&#8221; button_one_icon_placement=&#8221;right&#8221; custom_button_two=&#8221;off&#8221; button_two_icon_placement=&#8221;right&#8221;]<\/p>\n<p>Neix per assessorar i oferir als seus clients les millors solucions immobili\u00e0ries.<\/p>\n<p>[\/et_pb_fullwidth_header][\/et_pb_section][et_pb_section bb_built=&#8221;1&#8243; module_id=&#8221;seccion01&#8243; _builder_version=&#8221;3.0.105&#8243; custom_padding=&#8221;25px||0px|&#8221; prev_background_color=&#8221;#000000&#8243; next_background_color=&#8221;#000000&#8243;][et_pb_row _builder_version=&#8221;3.0.69&#8243;][et_pb_column type=&#8221;1_2&#8243;][et_pb_text admin_label=&#8221;J&amp;J-TEXT&#8221; _builder_version=&#8221;3.0.105&#8243; text_font_size=&#8221;24px&#8221; text_text_color=&#8221;#1a1a1a&#8221; text_line_height=&#8221;1.4em&#8221; animation_style=&#8221;slide&#8221; animation_direction=&#8221;top&#8221; animation_intensity_slide=&#8221;10%&#8221;]<\/p>\n<p style=\"text-align: center;\">J&amp;J Immobles<\/p>\n<p style=\"text-align: center;\">s\u00f3n coneixement i experi\u00e8ncia.<\/p>\n<p style=\"text-align: center;\">juntament amb professionalitat<\/p>\n<p style=\"text-align: center;\">i entusiasme de tot l&#8217;equip.<\/p>\n<p>[\/et_pb_text][et_pb_divider color=&#8221;#000000&#8243; show_divider=&#8221;on&#8221; divider_position=&#8221;center&#8221; divider_weight=&#8221;3px&#8221; height=&#8221;false&#8221; disabled_on=&#8221;off|off|off&#8221; _builder_version=&#8221;3.0.105&#8243; max_width=&#8221;150px&#8221; animation_style=&#8221;slide&#8221; animation_direction=&#8221;top&#8221; animation_delay=&#8221;100ms&#8221; animation_intensity_slide=&#8221;10%&#8221; \/][et_pb_text admin_label=&#8221;BIO&#8221; _builder_version=&#8221;3.0.105&#8243; text_font=&#8221;||||||||&#8221; text_font_size=&#8221;22px&#8221; text_line_height=&#8221;1.9em&#8221; text_orientation=&#8221;justified&#8221; custom_padding=&#8221;30px|||&#8221; animation_style=&#8221;slide&#8221; animation_direction=&#8221;top&#8221; animation_delay=&#8221;200ms&#8221; animation_intensity_slide=&#8221;10%&#8221;]<\/p>\n<p>Llicenciat en Dret, empresarials i ci\u00e8ncies del Treball.<\/p>\n<p>MBA (UPC) i M\u00e0ster en Assessoria i Consultoria Immobili\u00e0ria (UB.<\/p>\n<p>El Jaume va comen\u00e7ar fa m\u00e9s d&#8217;una d\u00e8cada a treballar en una promotora immobili\u00e0ria a Barcelona.<\/p>\n<p>El 2010 va comen\u00e7ar la seva traject\u00f2ria en solitari amb la creaci\u00f3 de J&amp;J Immobles.<\/p>\n<p>[\/et_pb_text][\/et_pb_column][et_pb_column type=&#8221;1_2&#8243;][et_pb_text admin_label=&#8221;NOM&#8221; _builder_version=&#8221;3.0.105&#8243; text_font=&#8221;||||&#8221; text_text_color=&#8221;#1a1a1a&#8221; header_font=&#8221;|||on|||||&#8221; header_text_align=&#8221;right&#8221; header_font_size=&#8221;60px&#8221; header_line_height=&#8221;1.3em&#8221; text_orientation=&#8221;center&#8221; animation_style=&#8221;slide&#8221; animation_direction=&#8221;top&#8221; animation_intensity_slide=&#8221;10%&#8221;]<\/p>\n<h1 style=\"text-align: center;\">Jaume<\/h1>\n<h1 style=\"text-align: center;\">Juncosa<\/h1>\n<h1 style=\"text-align: center;\">Oll\u00e9<\/h1>\n<p>[\/et_pb_text][et_pb_image src=&#8221;https:\/\/www.jjuncosa.com\/wp-content\/uploads\/2018\/03\/travel-landscape-12.jpg&#8221; force_fullwidth=&#8221;on&#8221; _builder_version=&#8221;3.0.76&#8243; custom_margin=&#8221;90px|||&#8221; animation_style=&#8221;fold&#8221; animation_direction=&#8221;right&#8221; animation_intensity_fold=&#8221;20%&#8221; animation=&#8221;fade_in&#8221; \/][\/et_pb_column][\/et_pb_row][\/et_pb_section][et_pb_section bb_built=&#8221;1&#8243; admin_label=&#8221;Look Inside Section&#8221; module_id=&#8221;seccion04&#8243; _builder_version=&#8221;3.0.105&#8243; background_image=&#8221;https:\/\/www.jjuncosa.com\/wp-content\/uploads\/2018\/03\/travel-landscape-03.jpg&#8221; parallax=&#8221;on&#8221; custom_padding=&#8221;0px||0px|&#8221; prev_background_color=&#8221;#000000&#8243;][et_pb_row make_fullwidth=&#8221;on&#8221; use_custom_gutter=&#8221;on&#8221; gutter_width=&#8221;1&#8243; custom_padding=&#8221;0px||0px|&#8221; make_equal=&#8221;on&#8221; padding_top_2=&#8221;8%&#8221; padding_right_2=&#8221;6%&#8221; padding_bottom_2=&#8221;6%&#8221; padding_left_2=&#8221;6%&#8221; parallax_1=&#8221;on&#8221; use_background_color_gradient_2=&#8221;on&#8221; background_color_gradient_start_2=&#8221;#ffffff&#8221; background_color_gradient_end_2=&#8221;rgba(255,255,255,0.85)&#8221; background_color_gradient_end_position_2=&#8221;50%&#8221; _builder_version=&#8221;3.0.106&#8243;][et_pb_column type=&#8221;1_2&#8243;][et_pb_image _builder_version=&#8221;3.0.105&#8243; animation_style=&#8221;slide&#8221; animation_direction=&#8221;left&#8221; animation_duration=&#8221;500ms&#8221; animation_intensity_slide=&#8221;10%&#8221; show_bottom_space=&#8221;on&#8221; \/][\/et_pb_column][et_pb_column type=&#8221;1_2&#8243;][et_pb_text admin_label=&#8221;NOS-TEXT-01&#8243; _builder_version=&#8221;3.0.105&#8243; text_text_color=&#8221;#1a1a1a&#8221; header_font=&#8221;|||on|||||&#8221; header_text_align=&#8221;left&#8221; header_font_size=&#8221;60px&#8221; header_line_height=&#8221;1.3em&#8221; text_orientation=&#8221;center&#8221; max_width=&#8221;450px&#8221; custom_margin=&#8221;|||&#8221; custom_padding=&#8221;|||&#8221; animation_style=&#8221;slide&#8221; animation_direction=&#8221;top&#8221; animation_intensity_slide=&#8221;10%&#8221; locked=&#8221;off&#8221; background_layout=&#8221;light&#8221;]<\/p>\n<h3>Estem disposats a trobar el que est\u00e0 buscant<\/h3>\n<p>[\/et_pb_text][et_pb_divider color=&#8221;#000000&#8243; show_divider=&#8221;on&#8221; divider_position=&#8221;center&#8221; divider_weight=&#8221;3px&#8221; height=&#8221;false&#8221; disabled_on=&#8221;off|off|off&#8221; _builder_version=&#8221;3.0.105&#8243; max_width=&#8221;150px&#8221; custom_margin=&#8221;30px|||&#8221; animation_style=&#8221;slide&#8221; animation_direction=&#8221;top&#8221; animation_delay=&#8221;100ms&#8221; animation_intensity_slide=&#8221;10%&#8221; locked=&#8221;off&#8221; \/][et_pb_text admin_label=&#8221;NOS-TEXT-02&#8243; _builder_version=&#8221;3.0.105&#8243; text_font_size=&#8221;24px&#8221; text_text_color=&#8221;#1a1a1a&#8221; text_line_height=&#8221;1.4em&#8221; text_orientation=&#8221;center&#8221; max_width=&#8221;450px&#8221; custom_padding=&#8221;30px|||&#8221; animation_style=&#8221;slide&#8221; animation_direction=&#8221;top&#8221; animation_delay=&#8221;200ms&#8221; animation_intensity_slide=&#8221;10%&#8221; locked=&#8221;off&#8221; background_layout=&#8221;light&#8221;]<\/p>\n<p>El nostre assessorament abasta tots els aspectes relacionats amb la inversi\u00f3 immobili\u00e0ria.<\/p>\n<p>[\/et_pb_text][et_pb_text admin_label=&#8221;NOS-TEXT-03&#8243; _builder_version=&#8221;3.0.106&#8243; text_font=&#8221;Roboto||||&#8221; text_font_size=&#8221;16px&#8221; text_line_height=&#8221;1.9em&#8221; text_orientation=&#8221;center&#8221; max_width=&#8221;450px&#8221; custom_margin=&#8221;60|||&#8221; custom_padding=&#8221;||60px|&#8221; animation_style=&#8221;slide&#8221; animation_direction=&#8221;top&#8221; animation_delay=&#8221;400ms&#8221; animation_intensity_slide=&#8221;4%&#8221; locked=&#8221;off&#8221; background_layout=&#8221;light&#8221;]<\/p>\n<h3>J&amp;J Immobles<\/h3>\n<p>s&#8217;encarrega de tot el proc\u00e9s d&#8217;assessorament en la compra del seu propiedad.Desde del primer moment li oferim tota la nostra experi\u00e8ncia a trav\u00e9s del nostre equip.<\/p>\n<p>[\/et_pb_text][\/et_pb_column][\/et_pb_row][et_pb_row admin_label=&#8221;Spacer&#8221; make_fullwidth=&#8221;on&#8221; use_custom_gutter=&#8221;on&#8221; gutter_width=&#8221;1&#8243; custom_padding=&#8221;3%||0px|&#8221; custom_margin=&#8221;0px||0px|&#8221; background_color=&#8221;rgba(255,255,255,0.85)&#8221; disabled_on=&#8221;on|off|off&#8221; _builder_version=&#8221;3.0.106&#8243;][et_pb_column type=&#8221;4_4&#8243; _builder_version=&#8221;3.0.47&#8243; parallax=&#8221;off&#8221; parallax_method=&#8221;on&#8221;][\/et_pb_column][\/et_pb_row][\/et_pb_section]<\/p>\n","protected":false},"excerpt":{"rendered":"<p>Neix per assessorar i oferir als seus clients les millors solucions immobili\u00e0ries. J&amp;J Immobles s\u00f3n coneixement i experi\u00e8ncia. juntament amb professionalitat i entusiasme de tot l&#8217;equip. Llicenciat en Dret, empresarials i ci\u00e8ncies del Treball. MBA (UPC) i M\u00e0ster en Assessoria i Consultoria Immobili\u00e0ria (UB. El Jaume va comen\u00e7ar fa m\u00e9s d&#8217;una d\u00e8cada a treballar en [&hellip;]<\/p>\n","protected":false},"author":1,"featured_media":0,"parent":0,"menu_order":0,"comment_status":"closed","ping_status":"closed","template":"","meta":{"_et_pb_use_builder":"on","_et_pb_old_content":"","_et_gb_content_width":"","footnotes":""},"class_list":["post-455","page","type-page","status-publish","hentry"],"_links":{"self":[{"href":"https:\/\/www.jjuncosa.com\/ca\/wp-json\/wp\/v2\/pages\/455","targetHints":{"allow":["GET"]}}],"collection":[{"href":"https:\/\/www.jjuncosa.com\/ca\/wp-json\/wp\/v2\/pages"}],"about":[{"href":"https:\/\/www.jjuncosa.com\/ca\/wp-json\/wp\/v2\/types\/page"}],"author":[{"embeddable":true,"href":"https:\/\/www.jjuncosa.com\/ca\/wp-json\/wp\/v2\/users\/1"}],"replies":[{"embeddable":true,"href":"https:\/\/www.jjuncosa.com\/ca\/wp-json\/wp\/v2\/comments?post=455"}],"version-history":[{"count":41,"href":"https:\/\/www.jjuncosa.com\/ca\/wp-json\/wp\/v2\/pages\/455\/revisions"}],"predecessor-version":[{"id":624,"href":"https:\/\/www.jjuncosa.com\/ca\/wp-json\/wp\/v2\/pages\/455\/revisions\/624"}],"wp:attachment":[{"href":"https:\/\/www.jjuncosa.com\/ca\/wp-json\/wp\/v2\/media?parent=455"}],"curies":[{"name":"wp","href":"https:\/\/api.w.org\/{rel}","templated":true}]}}