{"id":556,"date":"2018-03-15T13:15:43","date_gmt":"2018-03-15T12:15:43","guid":{"rendered":"http:\/\/www.jjuncosa.com\/gestio-de-patrimonis\/"},"modified":"2018-03-15T13:15:44","modified_gmt":"2018-03-15T12:15:44","slug":"gestio-de-patrimonis","status":"publish","type":"page","link":"https:\/\/www.jjuncosa.com\/ca\/gestio-de-patrimonis\/","title":{"rendered":"Gesti\u00f3 de Patrimonis"},"content":{"rendered":"<p>[et_pb_section bb_built=&#8221;1&#8243; admin_label=&#8221;HEADER&#8221; fullwidth=&#8221;on&#8221; specialty=&#8221;off&#8221; next_background_color=&#8221;#000000&#8243; _builder_version=&#8221;3.0.105&#8243; custom_padding=&#8221;0px|0px|0px|0px&#8221; module_id=&#8221;HEADER&#8221; bottom_divider_style=&#8221;curve2&#8243; bottom_divider_color=&#8221;rgba(67,62,59,0.4)&#8221; box_shadow_style=&#8221;preset3&#8243;][et_pb_fullwidth_header admin_label=&#8221;HEADER&#8221; _builder_version=&#8221;3.0.106&#8243; background_image=&#8221;https:\/\/www.jjuncosa.com\/wp-content\/uploads\/2018\/03\/casa.jpg&#8221; background_overlay_color=&#8221;rgba(255,255,255,0.75)&#8221; header_scroll_down=&#8221;off&#8221; header_fullscreen=&#8221;on&#8221; image_orientation=&#8221;center&#8221; background_layout=&#8221;light&#8221; content_orientation=&#8221;center&#8221; custom_button_one=&#8221;on&#8221; button_one_icon_placement=&#8221;right&#8221; custom_button_two=&#8221;off&#8221; button_two_icon_placement=&#8221;right&#8221; parallax=&#8221;on&#8221; parallax_method=&#8221;on&#8221; title_font_size=&#8221;69px&#8221; content_font_size=&#8221;20px&#8221; content_line_height=&#8221;1.7em&#8221; animation_style=&#8221;zoom&#8221; animation_direction=&#8221;bottom&#8221; button_one_url=&#8221;#seccion01&#8243; title=&#8221;Gesti\u00f3 de Patrimonis&#8221; button_one_text=&#8221;M\u00c9S INFORMACI\u00d3&#8221; button_one_text_color=&#8221;#000000&#8243; button_one_border_radius=&#8221;0&#8243; button_one_letter_spacing=&#8221;4&#8243; button_one_icon=&#8221;%%1%%&#8221; button_one_icon_color=&#8221;#000000&#8243; button_one_text_color_hover=&#8221;#000000&#8243; button_one_border_color_hover=&#8221;#000000&#8243; button_one_border_radius_hover=&#8221;0&#8243; button_one_letter_spacing_hover=&#8221;4&#8243; animation_intensity_zoom=&#8221;4%&#8221;]<\/p>\n<p>Cuidem el seu patrimoni immobiliari i gestionem la seva propietat tant el lloguer com la venda, amb professionalitat i privadesa.<\/p>\n<p>[\/et_pb_fullwidth_header][\/et_pb_section][et_pb_section bb_built=&#8221;1&#8243; _builder_version=&#8221;3.0.105&#8243; prev_background_color=&#8221;#000000&#8243; next_background_color=&#8221;#000000&#8243; module_id=&#8221;seccion01&#8243;][et_pb_row][et_pb_column type=&#8221;4_4&#8243;][et_pb_text _builder_version=&#8221;3.0.105&#8243; background_layout=&#8221;light&#8221; text_font_size=&#8221;24px&#8221; text_orientation=&#8221;justified&#8221; custom_padding=&#8221;|20px||20px&#8221;]<\/p>\n<h3>La nostra experi\u00e8ncia i serietat adquirida al llarg dels anys li donar\u00e0 tranquil\u00b7litat.<\/h3>\n<p>[\/et_pb_text][\/et_pb_column][\/et_pb_row][\/et_pb_section][et_pb_section bb_built=&#8221;1&#8243; fullwidth=&#8221;off&#8221; specialty=&#8221;off&#8221; prev_background_color=&#8221;#000000&#8243; _builder_version=&#8221;3.0.105&#8243; background_image=&#8221;https:\/\/www.jjuncosa.com\/wp-content\/uploads\/2018\/02\/business-15.jpg&#8221; parallax=&#8221;on&#8221; custom_padding=&#8221;0px||0px|&#8221;][et_pb_row _builder_version=&#8221;3.0.105&#8243; use_background_color_gradient_1=&#8221;on&#8221; background_color_gradient_start_1=&#8221;#ffffff&#8221; background_color_gradient_end_1=&#8221;rgba(255,255,255,0.85)&#8221; background_color_gradient_end_position_1=&#8221;50%&#8221; make_fullwidth=&#8221;on&#8221; use_custom_gutter=&#8221;on&#8221; gutter_width=&#8221;1&#8243; make_equal=&#8221;on&#8221; padding_top_1=&#8221;8%&#8221; padding_right_1=&#8221;6%&#8221; padding_bottom_1=&#8221;6%&#8221; padding_left_1=&#8221;6%&#8221; custom_padding=&#8221;0px||0px|&#8221;][et_pb_column type=&#8221;1_2&#8243;][et_pb_text admin_label=&#8221;ADM-TEXT-01&#8243; _builder_version=&#8221;3.0.106&#8243; background_layout=&#8221;light&#8221; header_text_align=&#8221;left&#8221; header_line_height=&#8221;1.3em&#8221; max_width=&#8221;450px&#8221; animation_style=&#8221;slide&#8221; animation_direction=&#8221;top&#8221; text_orientation=&#8221;center&#8221; header_font=&#8221;|||on|||||&#8221; header_font_size=&#8221;60px&#8221; animation_intensity_slide=&#8221;10%&#8221;]<\/p>\n<h3>Administraci\u00f3 completa del seu patrimoni.<\/h3>\n<h3>Ens encarreguem de gestionar tota la documentaci\u00f3 necess\u00e0ria, com poden ser la c\u00e8dula d&#8217;habitabilitat o el Certificat Energ\u00e8tic.<\/h3>\n<h3>Asimismo, asesoramos en la rehabilitatci\u00f3n del inmueble a trav\u00e9s de un equipo t\u00e9cnico cualificado.<\/h3>\n<p>[\/et_pb_text][et_pb_divider _builder_version=&#8221;3.0.105&#8243; show_divider=&#8221;on&#8221; color=&#8221;#000000&#8243; \/][et_pb_text admin_label=&#8221;ADM-TEXT-02&#8243; _builder_version=&#8221;3.0.106&#8243; background_layout=&#8221;light&#8221; header_text_align=&#8221;left&#8221; header_line_height=&#8221;1.3em&#8221; max_width=&#8221;450px&#8221; animation_style=&#8221;slide&#8221; animation_direction=&#8221;top&#8221; text_orientation=&#8221;center&#8221; header_font=&#8221;|||on|||||&#8221; header_font_size=&#8221;60px&#8221; animation_intensity_slide=&#8221;10%&#8221;]<\/p>\n<h3>Control exhaustiu de l&#8217;administraci\u00f3, despeses i gesti\u00f3 d&#8217;incid\u00e8ncies.<\/h3>\n<h3>Portem un rigor\u00f3s selecci\u00f3 de candidats per al seu immoble de lloguer.<\/h3>\n<p>[\/et_pb_text][et_pb_divider _builder_version=&#8221;3.0.105&#8243; show_divider=&#8221;on&#8221; color=&#8221;#000000&#8243; \/][et_pb_text admin_label=&#8221;INV-TEXT&#8221; _builder_version=&#8221;3.0.105&#8243; background_layout=&#8221;light&#8221; header_text_align=&#8221;left&#8221; header_line_height=&#8221;1.3em&#8221; max_width=&#8221;450px&#8221; animation_style=&#8221;slide&#8221; animation_direction=&#8221;top&#8221; header_font=&#8221;|||on|||||&#8221; header_font_size=&#8221;60px&#8221; animation_intensity_slide=&#8221;10%&#8221;]<\/p>\n<h2>Inversi\u00f3:<\/h2>\n<p>[\/et_pb_text][\/et_pb_column][et_pb_column type=&#8221;1_2&#8243;][et_pb_image _builder_version=&#8221;3.0.105&#8243; \/][\/et_pb_column][\/et_pb_row][et_pb_row _builder_version=&#8221;3.0.105&#8243; background_color=&#8221;rgba(255,255,255,0.85)&#8221; make_fullwidth=&#8221;on&#8221; use_custom_gutter=&#8221;on&#8221; gutter_width=&#8221;1&#8243; custom_margin=&#8221;0px||0px|&#8221; custom_padding=&#8221;3%|||&#8221;][et_pb_column type=&#8221;4_4&#8243;][et_pb_text _builder_version=&#8221;3.0.105&#8243; background_layout=&#8221;light&#8221; text_font_size=&#8221;24px&#8221; text_orientation=&#8221;justified&#8221; custom_padding=&#8221;|20px||6%&#8221;]<\/p>\n<h3>Si est\u00e0 interessat a invertir, li oferim les alternatives m\u00e9s competitives del mercat garantint-li la millor opci\u00f3 per obtenir la m\u00e0xima rendibilitat.<\/h3>\n<p>[\/et_pb_text][\/et_pb_column][\/et_pb_row][\/et_pb_section]<\/p>\n","protected":false},"excerpt":{"rendered":"<p>Cuidem el seu patrimoni immobiliari i gestionem la seva propietat tant el lloguer com la venda, amb professionalitat i privadesa. <div class=\"et_pb_row et_pb_row_0 et_pb_row_empty\">\n\t\t\t\t\n\t\t\t\t\n\t\t\t\t\n\t\t\t\t\n\t\t\t\t\n\t\t\t<\/div> La nostra experi\u00e8ncia i serietat adquirida al llarg dels anys li donar\u00e0 tranquil\u00b7litat. Administraci\u00f3 completa del seu patrimoni. Ens encarreguem de gestionar tota la documentaci\u00f3 necess\u00e0ria, com poden ser la c\u00e8dula d&#8217;habitabilitat o el [&hellip;]<\/p>\n","protected":false},"author":1,"featured_media":0,"parent":0,"menu_order":0,"comment_status":"closed","ping_status":"closed","template":"","meta":{"_et_pb_use_builder":"on","_et_pb_old_content":"","_et_gb_content_width":"","footnotes":""},"class_list":["post-556","page","type-page","status-publish","hentry"],"_links":{"self":[{"href":"https:\/\/www.jjuncosa.com\/ca\/wp-json\/wp\/v2\/pages\/556","targetHints":{"allow":["GET"]}}],"collection":[{"href":"https:\/\/www.jjuncosa.com\/ca\/wp-json\/wp\/v2\/pages"}],"about":[{"href":"https:\/\/www.jjuncosa.com\/ca\/wp-json\/wp\/v2\/types\/page"}],"author":[{"embeddable":true,"href":"https:\/\/www.jjuncosa.com\/ca\/wp-json\/wp\/v2\/users\/1"}],"replies":[{"embeddable":true,"href":"https:\/\/www.jjuncosa.com\/ca\/wp-json\/wp\/v2\/comments?post=556"}],"version-history":[{"count":9,"href":"https:\/\/www.jjuncosa.com\/ca\/wp-json\/wp\/v2\/pages\/556\/revisions"}],"predecessor-version":[{"id":565,"href":"https:\/\/www.jjuncosa.com\/ca\/wp-json\/wp\/v2\/pages\/556\/revisions\/565"}],"wp:attachment":[{"href":"https:\/\/www.jjuncosa.com\/ca\/wp-json\/wp\/v2\/media?parent=556"}],"curies":[{"name":"wp","href":"https:\/\/api.w.org\/{rel}","templated":true}]}}